{"id":2563,"date":"2017-07-05T04:41:52","date_gmt":"2017-07-05T04:41:52","guid":{"rendered":"http:\/\/greengrowscience.fr\/?page_id=2563"},"modified":"2020-09-09T12:40:54","modified_gmt":"2020-09-09T12:40:54","slug":"homepage","status":"publish","type":"page","link":"http:\/\/greengrowscience.fr\/","title":{"rendered":"homepage"},"content":{"rendered":"<div id=\"pl-2563\"  class=\"panel-layout\" ><div id=\"pg-2563-0\"  class=\"panel-grid panel-has-style\" ><div style=\"padding: 60px 0; \" data-overlay=\"true\" class=\"panel-row-style panel-row-style-for-2563-0\" ><div id=\"pgc-2563-0-0\"  class=\"panel-grid-cell\" ><div id=\"panel-2563-0-0-0\" class=\"so-panel widget widget_text panel-first-child\" data-index=\"0\" ><div style=\"text-align: left;\" data-title-color=\"#443f3f\" data-headings-color=\"#443f3f\" class=\"panel-widget-style panel-widget-style-for-2563-0-0-0\" >\t\t\t<div class=\"textwidget\"><p style=\"text-align: center\"> &nbsp; <\/p><\/div>\n\t\t<\/div><\/div><div id=\"panel-2563-0-0-1\" class=\"so-panel widget widget_sow-image\" data-index=\"1\" ><div style=\"text-align: left;\" data-title-color=\"#443f3f\" data-headings-color=\"#443f3f\" class=\"panel-widget-style panel-widget-style-for-2563-0-0-1\" ><div class=\"so-widget-sow-image so-widget-sow-image-default-17bc2272b535\">\n\n<div class=\"sow-image-container\">\n\t<img src=\"http:\/\/dapoae31cvibs.cloudfront.net\/wp-content\/uploads\/2016\/01\/160506_logo_width500px.png\" width=\"500\" height=\"303\" srcset=\"http:\/\/dapoae31cvibs.cloudfront.net\/wp-content\/uploads\/2016\/01\/160506_logo_width500px.png 500w, http:\/\/dapoae31cvibs.cloudfront.net\/wp-content\/uploads\/2016\/01\/160506_logo_width500px-300x182.png 300w, http:\/\/dapoae31cvibs.cloudfront.net\/wp-content\/uploads\/2016\/01\/160506_logo_width500px-240x145.png 240w, http:\/\/dapoae31cvibs.cloudfront.net\/wp-content\/uploads\/2016\/01\/160506_logo_width500px-480x291.png 480w, http:\/\/dapoae31cvibs.cloudfront.net\/wp-content\/uploads\/2016\/01\/160506_logo_width500px-230x139.png 230w, http:\/\/dapoae31cvibs.cloudfront.net\/wp-content\/uploads\/2016\/01\/160506_logo_width500px-350x212.png 350w\" sizes=\"(max-width: 500px) 100vw, 500px\" alt=\"Green Grow Scientific\" \t\tclass=\"so-widget-image\"\/>\n<\/div>\n\n<\/div><\/div><\/div><div id=\"panel-2563-0-0-2\" class=\"so-panel widget widget_text panel-last-child\" data-index=\"2\" ><div style=\"text-align: left;\" data-title-color=\"#443f3f\" data-headings-color=\"#443f3f\" class=\"panel-widget-style panel-widget-style-for-2563-0-0-2\" >\t\t\t<div class=\"textwidget\"><p style=\"text-align: center\"> &nbsp; <\/p>\n<p style=\"text-align: center\">  <a href=\"http:\/\/greengrowscience.fr\/index.php\/traduction\/\"> &nbsp;&nbsp; Traduction &nbsp;&nbsp; <\/a> | <a href=\"http:\/\/greengrowscience.fr\/index.php\/order_proof\/\"> &nbsp;&nbsp; Relecture &nbsp;&nbsp; <\/a> | <a href=\"http:\/\/greengrowscience.fr\/index.php\/order_cped\/\"> &nbsp;&nbsp; R\u00e9vision &nbsp;&nbsp; <\/a> | <a href=\"http:\/\/greengrowscience.fr\/index.php\/presentations\/\"> &nbsp;&nbsp;  Pr\u00e9sentations &nbsp;&nbsp; <\/a>| <a href=\"http:\/\/greengrowscience.fr\/index.php\/quote_research\/\"> &nbsp;&nbsp; Recherche &nbsp;&nbsp; <\/a> | <a href=\"http:\/\/greengrowscience.fr\/index.php\/services_tous\/\"> &nbsp;&nbsp; Tous nos services &nbsp;&nbsp; <\/a> | <a href=\"http:\/\/greengrowscience.fr\/index.php\/quote_edit\/\"> &nbsp;&nbsp; <span style=\"font-size: 120%\"> Devis <\/span> &nbsp;&nbsp; <\/a> <\/p><\/div>\n\t\t<\/div><\/div><\/div><\/div><\/div><div id=\"pg-2563-1\"  class=\"panel-grid panel-has-style\" ><div style=\"padding: 0px 0; \" data-overlay=\"true\" class=\"panel-row-style panel-row-style-for-2563-1\" ><div id=\"pgc-2563-1-0\"  class=\"panel-grid-cell\" ><div id=\"panel-2563-1-0-0\" class=\"so-panel widget widget_sydney_employees sydney_employees_widget panel-first-child panel-last-child\" data-index=\"3\" >\r\n\t\t\r\n\t\t<div class=\"roll-team carousel owl-carousel\" data-widgetid=\"employees-widget-1-0-0\">\r\n\t\t\t\t\t\t\t\t\t\t<div class=\"team-item\">\r\n\t\t\t    <div class=\"team-inner\">\r\n\t\t\t        <div class=\"pop-overlay\">\r\n\t\t\t            <div class=\"team-pop\">\r\n\t\t\t                <div class=\"team-info\">\r\n\t\t\t\t\t\t\t\t<div class=\"name\">Pr\u00e9sentations<\/div>\r\n\t\t\t\t\t\t\t\t<div class=\"pos\">Diapos, posters, anglais \u00e0 l&#039;oral<\/div>\r\n\t\t\t\t\t\t\t\t<ul class=\"team-social\">\r\n\t\t\t\t\t\t\t\t\t\t\t\t\t\t\t\t\t\t\t\t\t\t\t\t\t\t\t\t\t\t\t\t\t\t\t<\/ul>\r\n\t\t\t                <\/div>\r\n\t\t\t            <\/div>\r\n\t\t\t        <\/div>\r\n\t\t\t\t\t\t\t\t\t\t<div class=\"avatar\">\r\n\t\t\t\t\t\t<img width=\"425\" height=\"400\" src=\"http:\/\/dapoae31cvibs.cloudfront.net\/wp-content\/uploads\/2017\/03\/160422_team-425x400.png\" class=\"attachment-sydney-medium-thumb size-sydney-medium-thumb wp-post-image\" alt=\"\" loading=\"lazy\" \/>\t\t\t\t\t<\/div>\r\n\t\t\t\t\t\t\t\t    <\/div>\r\n\t\t\t    <div class=\"team-content\">\r\n\t\t\t        <div class=\"name\">\r\n\t\t\t        \t\t\t\t        \t\t<a href=\"http:\/\/greengrowscience.fr\/index.php\/presentations\/\">Pr\u00e9sentations<\/a>\r\n\t\t\t        \t\t\t\t        <\/div>\r\n\t\t\t        <div class=\"pos\">Diapos, posters, anglais \u00e0 l&#039;oral<\/div>\r\n\t\t\t    <\/div>\r\n\t\t\t<\/div><!-- \/.team-item -->\r\n\r\n\t\t\t\t\t\t\t\t\t\t<div class=\"team-item\">\r\n\t\t\t    <div class=\"team-inner\">\r\n\t\t\t        <div class=\"pop-overlay\">\r\n\t\t\t            <div class=\"team-pop\">\r\n\t\t\t                <div class=\"team-info\">\r\n\t\t\t\t\t\t\t\t<div class=\"name\">Anglais scientifique<\/div>\r\n\t\t\t\t\t\t\t\t<div class=\"pos\">Correction, relecture, r\u00e9daction, traduction<\/div>\r\n\t\t\t\t\t\t\t\t<ul class=\"team-social\">\r\n\t\t\t\t\t\t\t\t\t\t\t\t\t\t\t\t\t\t\t\t\t\t\t\t\t\t\t\t\t\t\t\t\t\t\t<\/ul>\r\n\t\t\t                <\/div>\r\n\t\t\t            <\/div>\r\n\t\t\t        <\/div>\r\n\t\t\t\t\t\t\t\t\t\t<div class=\"avatar\">\r\n\t\t\t\t\t\t<img width=\"425\" height=\"400\" src=\"http:\/\/dapoae31cvibs.cloudfront.net\/wp-content\/uploads\/2017\/03\/160422_editing-425x400.png\" class=\"attachment-sydney-medium-thumb size-sydney-medium-thumb wp-post-image\" alt=\"\" loading=\"lazy\" \/>\t\t\t\t\t<\/div>\r\n\t\t\t\t\t\t\t\t    <\/div>\r\n\t\t\t    <div class=\"team-content\">\r\n\t\t\t        <div class=\"name\">\r\n\t\t\t        \t\t\t\t        \t\t<a href=\"http:\/\/greengrowscience.fr\/index.php\/edit\/\">Anglais scientifique<\/a>\r\n\t\t\t        \t\t\t\t        <\/div>\r\n\t\t\t        <div class=\"pos\">Correction, relecture, r\u00e9daction, traduction<\/div>\r\n\t\t\t    <\/div>\r\n\t\t\t<\/div><!-- \/.team-item -->\r\n\r\n\t\t\t\t\t\t\t\t\t\t<div class=\"team-item\">\r\n\t\t\t    <div class=\"team-inner\">\r\n\t\t\t        <div class=\"pop-overlay\">\r\n\t\t\t            <div class=\"team-pop\">\r\n\t\t\t                <div class=\"team-info\">\r\n\t\t\t\t\t\t\t\t<div class=\"name\">Recherche<\/div>\r\n\t\t\t\t\t\t\t\t<div class=\"pos\">Analyse de donn\u00e9es, stats, mod\u00e9lisation<\/div>\r\n\t\t\t\t\t\t\t\t<ul class=\"team-social\">\r\n\t\t\t\t\t\t\t\t\t\t\t\t\t\t\t\t\t\t\t\t\t\t\t\t\t\t\t\t\t\t\t\t\t\t\t<\/ul>\r\n\t\t\t                <\/div>\r\n\t\t\t            <\/div>\r\n\t\t\t        <\/div>\r\n\t\t\t\t\t\t\t\t\t\t<div class=\"avatar\">\r\n\t\t\t\t\t\t<img width=\"425\" height=\"400\" src=\"http:\/\/dapoae31cvibs.cloudfront.net\/wp-content\/uploads\/2017\/03\/160422_research-425x400.png\" class=\"attachment-sydney-medium-thumb size-sydney-medium-thumb wp-post-image\" alt=\"\" loading=\"lazy\" \/>\t\t\t\t\t<\/div>\r\n\t\t\t\t\t\t\t\t    <\/div>\r\n\t\t\t    <div class=\"team-content\">\r\n\t\t\t        <div class=\"name\">\r\n\t\t\t        \t\t\t\t        \t\t<a href=\"http:\/\/greengrowscience.fr\/index.php\/quote_research\/\">Recherche<\/a>\r\n\t\t\t        \t\t\t\t        <\/div>\r\n\t\t\t        <div class=\"pos\">Analyse de donn\u00e9es, stats, mod\u00e9lisation<\/div>\r\n\t\t\t    <\/div>\r\n\t\t\t<\/div><!-- \/.team-item -->\r\n\r\n\t\t\t\t\t\t\t\t\t\t<div class=\"team-item\">\r\n\t\t\t    <div class=\"team-inner\">\r\n\t\t\t        <div class=\"pop-overlay\">\r\n\t\t\t            <div class=\"team-pop\">\r\n\t\t\t                <div class=\"team-info\">\r\n\t\t\t\t\t\t\t\t<div class=\"name\">Pr\u00e9sentations<\/div>\r\n\t\t\t\t\t\t\t\t<div class=\"pos\">Diapos, posters, anglais \u00e0 l&#039;oral<\/div>\r\n\t\t\t\t\t\t\t\t<ul class=\"team-social\">\r\n\t\t\t\t\t\t\t\t\t\t\t\t\t\t\t\t\t\t\t\t\t\t\t\t\t\t\t\t\t\t\t\t\t\t\t<\/ul>\r\n\t\t\t                <\/div>\r\n\t\t\t            <\/div>\r\n\t\t\t        <\/div>\r\n\t\t\t\t\t\t\t\t\t\t<div class=\"avatar\">\r\n\t\t\t\t\t\t<img width=\"425\" height=\"400\" src=\"http:\/\/dapoae31cvibs.cloudfront.net\/wp-content\/uploads\/2017\/03\/160422_team-425x400.png\" class=\"attachment-sydney-medium-thumb size-sydney-medium-thumb wp-post-image\" alt=\"\" loading=\"lazy\" \/>\t\t\t\t\t<\/div>\r\n\t\t\t\t\t\t\t\t    <\/div>\r\n\t\t\t    <div class=\"team-content\">\r\n\t\t\t        <div class=\"name\">\r\n\t\t\t        \t\t\t\t        \t\t<a href=\"http:\/\/greengrowscience.fr\/index.php\/presentations\/\">Pr\u00e9sentations<\/a>\r\n\t\t\t        \t\t\t\t        <\/div>\r\n\t\t\t        <div class=\"pos\">Diapos, posters, anglais \u00e0 l&#039;oral<\/div>\r\n\t\t\t    <\/div>\r\n\t\t\t<\/div><!-- \/.team-item -->\r\n\r\n\t\t\t\t\t\t\t\t\t\t<div class=\"team-item\">\r\n\t\t\t    <div class=\"team-inner\">\r\n\t\t\t        <div class=\"pop-overlay\">\r\n\t\t\t            <div class=\"team-pop\">\r\n\t\t\t                <div class=\"team-info\">\r\n\t\t\t\t\t\t\t\t<div class=\"name\">Anglais scientifique<\/div>\r\n\t\t\t\t\t\t\t\t<div class=\"pos\">Correction, relecture, r\u00e9daction, traduction<\/div>\r\n\t\t\t\t\t\t\t\t<ul class=\"team-social\">\r\n\t\t\t\t\t\t\t\t\t\t\t\t\t\t\t\t\t\t\t\t\t\t\t\t\t\t\t\t\t\t\t\t\t\t\t<\/ul>\r\n\t\t\t                <\/div>\r\n\t\t\t            <\/div>\r\n\t\t\t        <\/div>\r\n\t\t\t\t\t\t\t\t\t\t<div class=\"avatar\">\r\n\t\t\t\t\t\t<img width=\"425\" height=\"400\" src=\"http:\/\/dapoae31cvibs.cloudfront.net\/wp-content\/uploads\/2017\/03\/160422_editing-425x400.png\" class=\"attachment-sydney-medium-thumb size-sydney-medium-thumb wp-post-image\" alt=\"\" loading=\"lazy\" \/>\t\t\t\t\t<\/div>\r\n\t\t\t\t\t\t\t\t    <\/div>\r\n\t\t\t    <div class=\"team-content\">\r\n\t\t\t        <div class=\"name\">\r\n\t\t\t        \t\t\t\t        \t\t<a href=\"http:\/\/greengrowscience.fr\/index.php\/edit\/\">Anglais scientifique<\/a>\r\n\t\t\t        \t\t\t\t        <\/div>\r\n\t\t\t        <div class=\"pos\">Correction, relecture, r\u00e9daction, traduction<\/div>\r\n\t\t\t    <\/div>\r\n\t\t\t<\/div><!-- \/.team-item -->\r\n\r\n\t\t\t\t\t\t\t\t\t\t<div class=\"team-item\">\r\n\t\t\t    <div class=\"team-inner\">\r\n\t\t\t        <div class=\"pop-overlay\">\r\n\t\t\t            <div class=\"team-pop\">\r\n\t\t\t                <div class=\"team-info\">\r\n\t\t\t\t\t\t\t\t<div class=\"name\">Recherche<\/div>\r\n\t\t\t\t\t\t\t\t<div class=\"pos\">Analyse de donn\u00e9es, stats, mod\u00e9lisation<\/div>\r\n\t\t\t\t\t\t\t\t<ul class=\"team-social\">\r\n\t\t\t\t\t\t\t\t\t\t\t\t\t\t\t\t\t\t\t\t\t\t\t\t\t\t\t\t\t\t\t\t\t\t\t<\/ul>\r\n\t\t\t                <\/div>\r\n\t\t\t            <\/div>\r\n\t\t\t        <\/div>\r\n\t\t\t\t\t\t\t\t\t\t<div class=\"avatar\">\r\n\t\t\t\t\t\t<img width=\"425\" height=\"400\" src=\"http:\/\/dapoae31cvibs.cloudfront.net\/wp-content\/uploads\/2017\/03\/160422_research-425x400.png\" class=\"attachment-sydney-medium-thumb size-sydney-medium-thumb wp-post-image\" alt=\"\" loading=\"lazy\" \/>\t\t\t\t\t<\/div>\r\n\t\t\t\t\t\t\t\t    <\/div>\r\n\t\t\t    <div class=\"team-content\">\r\n\t\t\t        <div class=\"name\">\r\n\t\t\t        \t\t\t\t        \t\t<a href=\"#research\">Recherche<\/a>\r\n\t\t\t        \t\t\t\t        <\/div>\r\n\t\t\t        <div class=\"pos\">Analyse de donn\u00e9es, stats, mod\u00e9lisation<\/div>\r\n\t\t\t    <\/div>\r\n\t\t\t<\/div><!-- \/.team-item -->\r\n\r\n\t\t\t\t\t<\/div>\r\n\r\n\t\t\t\r\n\t\r\n\t<\/div><\/div><\/div><\/div><div id=\"pg-2563-2\"  class=\"panel-grid panel-has-style\" ><div style=\"padding: 100px 0; \" data-overlay=\"true\" class=\"panel-row-style panel-row-style-for-2563-2\" ><div id=\"pgc-2563-2-0\"  class=\"panel-grid-cell\" ><div id=\"panel-2563-2-0-0\" class=\"so-panel widget widget_sydney_services_type_a sydney_services_widget panel-first-child panel-last-child\" data-index=\"4\" >\t\t\t<h3 class=\"widget-title\">Anglais Scientifique et M\u00e9dical<\/h3>\r\n\t\t\t\t\t\t\t\t\t\t\t\t\t\t\t\t\t\t\t\t\t\t\t\t\t\t\t\t\t<div class=\"service col-md-4\">\r\n\t\t\t\t\t\t\t\t\t\t\t\t\t<div class=\"roll-icon-box\">\r\n\t\t\t\t\t\t\t\t\t\t\t\r\n\t\t\t\t\t\t\t\t\t<div class=\"icon\">\r\n\t\t\t\t\t\t\t\t\t\t\t\t\t\t\t\t\t\t\t\t\t<a href=\"http:\/\/greengrowscience.fr\/index.php\/edit\/\"><i class=\"fa fa-book\"><\/i><\/a>\t\t\t\t\t\t\t\t\t\t\t\t\t\t\t\t\t\t\t<\/div>\r\n\t\t\t\t\t\t\t\t\t\t\t\t\t\t\t\t<div class=\"content\">\r\n\t\t\t\t\t\t\t\t\t<h3>\r\n\t\t\t\t\t\t\t\t\t\t\t\t\t\t\t\t\t\t\t\t\t<a href=\"http:\/\/greengrowscience.fr\/index.php\/edit\/\">Relecture<\/a>\r\n\t\t\t\t\t\t\t\t\t\t\t\t\t\t\t\t\t\t\t<\/h3>\r\n\t\t\t\t\t\t\t\t\t\t\t\t\t\t\t\t\t\r\n\t\t\t\t\t\t\t\t\t\t<p>Les fautes typographiques sont plus facilement identifi\u00e9es et \u00e9limin\u00e9es par un regard ext\u00e9rieur. <\/p>\n\t\t\t\t\t\t\t\t\t\t\t\t\t\t\t\t\t<\/div><!--.info-->\t\r\n\t\t\t\t\t\t\t<\/div>\r\n\t\t\t\t\t\t<\/div>\r\n\t\t\t\t\t\t\t\t\t\t\t\t\t\t\t\t\t\t\t\t\t\t\t\t\t\t\t\t\t<div class=\"service col-md-4\">\r\n\t\t\t\t\t\t\t\t\t\t\t\t\t<div class=\"roll-icon-box\">\r\n\t\t\t\t\t\t\t\t\t\t\t\r\n\t\t\t\t\t\t\t\t\t<div class=\"icon\">\r\n\t\t\t\t\t\t\t\t\t\t\t\t\t\t\t\t\t\t\t\t\t<a href=\"http:\/\/greengrowscience.fr\/index.php\/edit\/\"><i class=\"fa fa-pencil\"><\/i><\/a>\t\t\t\t\t\t\t\t\t\t\t\t\t\t\t\t\t\t\t<\/div>\r\n\t\t\t\t\t\t\t\t\t\t\t\t\t\t\t\t<div class=\"content\">\r\n\t\t\t\t\t\t\t\t\t<h3>\r\n\t\t\t\t\t\t\t\t\t\t\t\t\t\t\t\t\t\t\t\t\t<a href=\"http:\/\/greengrowscience.fr\/index.php\/edit\/\">R\u00e9vision<\/a>\r\n\t\t\t\t\t\t\t\t\t\t\t\t\t\t\t\t\t\t\t<\/h3>\r\n\t\t\t\t\t\t\t\t\t\t\t\t\t\t\t\t\t\r\n\t\t\t\t\t\t\t\t\t\t<p>Am\u00e9liorez la qualit\u00e9 et la clart\u00e9 de votre prose scientifique en anglais. <\/p>\n\t\t\t\t\t\t\t\t\t\t\t\t\t\t\t\t\t<\/div><!--.info-->\t\r\n\t\t\t\t\t\t\t<\/div>\r\n\t\t\t\t\t\t<\/div>\r\n\t\t\t\t\t\t\t\t\t\t\t\t\t\t\t\t\t\t\t\t\t\t\t\t\t\t\t\t\t<div class=\"service col-md-4\">\r\n\t\t\t\t\t\t\t\t\t\t\t\t\t<div class=\"roll-icon-box\">\r\n\t\t\t\t\t\t\t\t\t\t\t\r\n\t\t\t\t\t\t\t\t\t<div class=\"icon\">\r\n\t\t\t\t\t\t\t\t\t\t\t\t\t\t\t\t\t\t\t\t\t<a href=\"http:\/\/greengrowscience.fr\/index.php\/traduction\"><i class=\"fa fa-language\"><\/i><\/a>\t\t\t\t\t\t\t\t\t\t\t\t\t\t\t\t\t\t\t<\/div>\r\n\t\t\t\t\t\t\t\t\t\t\t\t\t\t\t\t<div class=\"content\">\r\n\t\t\t\t\t\t\t\t\t<h3>\r\n\t\t\t\t\t\t\t\t\t\t\t\t\t\t\t\t\t\t\t\t\t<a href=\"http:\/\/greengrowscience.fr\/index.php\/traduction\">Traduction<\/a>\r\n\t\t\t\t\t\t\t\t\t\t\t\t\t\t\t\t\t\t\t<\/h3>\r\n\t\t\t\t\t\t\t\t\t\t\t\t\t\t\t\t\t\r\n\t\t\t\t\t\t\t\t\t\t<p>&#8230; du fran\u00e7ais vers l&rsquo;anglais. Simple ou avec r\u00e9vision et conseils de r\u00e9daction.<\/p>\n\t\t\t\t\t\t\t\t\t\t\t\t\t\t\t\t\t<\/div><!--.info-->\t\r\n\t\t\t\t\t\t\t<\/div>\r\n\t\t\t\t\t\t<\/div>\r\n\t\t\t\t\t\r\n\t\t\t\t\t\t\t\t\t<a href=\"http:\/\/greengrowscience.fr\/index.php\/quote_edit\" class=\"roll-button more-button\">\r\n\t\t\t\t\t\t\t\t\t\t\t\t\tDEVIS\t\t\t\t\t\t\t\t\t\t\t<\/a>\r\n\t\t\t\t\t\t\t\t\r\n\t<\/div><\/div><\/div><\/div><div id=\"pg-2563-3\"  class=\"panel-grid panel-has-style\" ><div style=\"padding: 25px 0; \" data-overlay=\"true\" class=\"panel-row-style panel-row-style-for-2563-3\" ><div id=\"pgc-2563-3-0\"  class=\"panel-grid-cell\" ><div id=\"panel-2563-3-0-0\" class=\"so-panel widget widget_text panel-first-child panel-last-child\" data-index=\"5\" ><div style=\"text-align: left;\" data-title-color=\"#443f3f\" data-headings-color=\"#443f3f\" class=\"panel-widget-style panel-widget-style-for-2563-3-0-0\" >\t\t\t<div class=\"textwidget\"><p style=\"text-align: center; font-size: 75%\"> SARL GGS &nbsp; &nbsp; | &nbsp; &nbsp;175 Boulevard Chave, 13005 Marseille &nbsp; &nbsp; |  &nbsp; &nbsp; +33652637458 &nbsp; &nbsp; | &nbsp; &nbsp; contact@greengrowscience.fr &nbsp; &nbsp; | &nbsp; &nbsp; SIRET: 80757504800036 &nbsp; &nbsp; | &nbsp; &nbsp; APE: 8219Z &nbsp; &nbsp; | &nbsp; &nbsp; N\u00b0 de TVA intracommunautaire: FR00807575048<\/a> <\/p>\n<p style=\"text-align: center; font-size: 75%\"> <a href=\"http:\/\/greengrowscience.fr\/index.php\/legal\/\"> Mentions l\u00e9gales  <\/a> &nbsp; &nbsp; |  <a href=\"http:\/\/greengrowscience.fr\/index.php\/termsandconditions\/\"> &nbsp; &nbsp; Conditions g\u00e9n\u00e9rales de vente <\/a> &nbsp; &nbsp;   |  <a href=\"http:\/\/greengrowscience.fr\/index.php\/privacy\/ \"> &nbsp; &nbsp; Politique de confidentialit\u00e9 <\/a> &nbsp; &nbsp; <\/p><\/div>\n\t\t<\/div><\/div><\/div><\/div><\/div><\/div>","protected":false},"excerpt":{"rendered":"<p>&nbsp; &nbsp; &nbsp;&nbsp; Traduction &nbsp;&nbsp; | &nbsp;&nbsp; Relecture &nbsp;&nbsp; | &nbsp;&nbsp; R\u00e9vision &nbsp;&nbsp; | &nbsp;&nbsp; Pr\u00e9sentations &nbsp;&nbsp; | &nbsp;&nbsp; Recherche &nbsp;&nbsp; | &nbsp;&nbsp; Tous nos services &nbsp;&nbsp; | &nbsp;&nbsp; Devis &nbsp;&nbsp; SARL GGS &nbsp; &nbsp; | &nbsp; &nbsp;175 Boulevard Chave, 13005 Marseille &nbsp; &nbsp; | &nbsp; &nbsp; +33652637458 &nbsp; &nbsp; | &nbsp; &nbsp; contact@greengrowscience.fr &nbsp; [&hellip;]<\/p>\n","protected":false},"author":6,"featured_media":0,"parent":0,"menu_order":0,"comment_status":"closed","ping_status":"closed","template":"page-templates\/page_front-page.php","meta":[],"_links":{"self":[{"href":"http:\/\/greengrowscience.fr\/index.php\/wp-json\/wp\/v2\/pages\/2563"}],"collection":[{"href":"http:\/\/greengrowscience.fr\/index.php\/wp-json\/wp\/v2\/pages"}],"about":[{"href":"http:\/\/greengrowscience.fr\/index.php\/wp-json\/wp\/v2\/types\/page"}],"author":[{"embeddable":true,"href":"http:\/\/greengrowscience.fr\/index.php\/wp-json\/wp\/v2\/users\/6"}],"replies":[{"embeddable":true,"href":"http:\/\/greengrowscience.fr\/index.php\/wp-json\/wp\/v2\/comments?post=2563"}],"version-history":[{"count":79,"href":"http:\/\/greengrowscience.fr\/index.php\/wp-json\/wp\/v2\/pages\/2563\/revisions"}],"predecessor-version":[{"id":2774,"href":"http:\/\/greengrowscience.fr\/index.php\/wp-json\/wp\/v2\/pages\/2563\/revisions\/2774"}],"wp:attachment":[{"href":"http:\/\/greengrowscience.fr\/index.php\/wp-json\/wp\/v2\/media?parent=2563"}],"curies":[{"name":"wp","href":"https:\/\/api.w.org\/{rel}","templated":true}]}}